{"id":990,"date":"2022-10-07T09:38:14","date_gmt":"2022-10-07T09:38:14","guid":{"rendered":"https:\/\/www.grancasinocostameloneras.com\/eventos\/"},"modified":"2026-04-01T11:53:12","modified_gmt":"2026-04-01T11:53:12","slug":"eventos","status":"publish","type":"page","link":"https:\/\/www.grancasinocostameloneras.com\/en\/eventos\/","title":{"rendered":"Events"},"content":{"rendered":"\t\t<div data-elementor-type=\"wp-page\" data-elementor-id=\"990\" class=\"elementor elementor-990 elementor-32\" data-elementor-post-type=\"page\">\n\t\t\t\t<div class=\"elementor-element elementor-element-95b0c11 e-flex e-con-boxed e-con e-parent\" data-id=\"95b0c11\" data-element_type=\"container\" data-e-type=\"container\" data-settings=\"{&quot;background_background&quot;:&quot;classic&quot;,&quot;jet_parallax_layout_list&quot;:[]}\">\n\t\t\t\t\t<div class=\"e-con-inner\">\n\t\t\t\t\t<\/div>\n\t\t\t\t<\/div>\n\t\t<div class=\"elementor-element elementor-element-b166acc e-flex e-con-boxed e-con e-parent\" data-id=\"b166acc\" data-element_type=\"container\" data-e-type=\"container\" data-settings=\"{&quot;jet_parallax_layout_list&quot;:[]}\">\n\t\t\t\t\t<div class=\"e-con-inner\">\n\t\t\t\t<div class=\"elementor-element elementor-element-f3b4c1f premium-header-block premium-lq__none premium-box-lq__none elementor-widget elementor-widget-premium-addon-dual-header\" data-id=\"f3b4c1f\" data-element_type=\"widget\" data-e-type=\"widget\" data-widget_type=\"premium-addon-dual-header.default\">\n\t\t\t\t\t\n\t\t<div class=\"elementor-widget-container\">\n\t\t<div class=\"premium-dual-header-wrapper\">\n\t\t\t\t\t<h1 class=\"premium-dual-header-first-header \"><span class=\"premium-dual-header-first-span\">Fun, excitement and much more <\/span><span class=\"premium-dual-header-second-header \">Our events<\/span><\/h1> \t\t\t\t\t\t<\/div>\n\t\t<\/div>\n\n\t\t\t\t\t\t<\/div>\n\t\t\t\t<div class=\"elementor-element elementor-element-f4727ab elementor-view-default elementor-widget elementor-widget-icon\" data-id=\"f4727ab\" data-element_type=\"widget\" data-e-type=\"widget\" data-widget_type=\"icon.default\">\n\t\t\t\t<div class=\"elementor-widget-container\">\n\t\t\t\t\t\t\t<div class=\"elementor-icon-wrapper\">\n\t\t\t<div class=\"elementor-icon\">\n\t\t\t<i aria-hidden=\"true\" class=\"fas fa-circle\"><\/i>\t\t\t<\/div>\n\t\t<\/div>\n\t\t\t\t\t\t<\/div>\n\t\t\t\t<\/div>\n\t\t\t\t<div class=\"elementor-element elementor-element-066047d elementor-widget elementor-widget-text-editor\" data-id=\"066047d\" data-element_type=\"widget\" data-e-type=\"widget\" data-widget_type=\"text-editor.default\">\n\t\t\t\t<div class=\"elementor-widget-container\">\n\t\t\t\t\t\t\t\t\t<p class=\"fusion-responsive-typography-calculated\" data-fontsize=\"17\" data-lineheight=\"21.93px\">Attend the best events held at Gran Casino Costa Meloneras. We can also advise you on any event you wish to hold in our casino.<\/p>\t\t\t\t\t\t\t\t<\/div>\n\t\t\t\t<\/div>\n\t\t\t\t\t<\/div>\n\t\t\t\t<\/div>\n\t\t<div class=\"elementor-element elementor-element-705a780 e-con-full e-flex e-con e-parent\" data-id=\"705a780\" data-element_type=\"container\" data-e-type=\"container\" data-settings=\"{&quot;jet_parallax_layout_list&quot;:[]}\">\n\t\t<div class=\"elementor-element elementor-element-9d48a10 e-con-full e-flex e-con e-child\" data-id=\"9d48a10\" data-element_type=\"container\" data-e-type=\"container\" data-settings=\"{&quot;background_background&quot;:&quot;classic&quot;,&quot;jet_parallax_layout_list&quot;:[]}\">\n\t\t<div class=\"elementor-element elementor-element-2a2c910 e-flex e-con-boxed e-con e-child\" data-id=\"2a2c910\" data-element_type=\"container\" data-e-type=\"container\" data-settings=\"{&quot;jet_parallax_layout_list&quot;:[]}\">\n\t\t\t\t\t<div class=\"e-con-inner\">\n\t\t\t\t<div class=\"elementor-element elementor-element-319f1e6 premium-header-block premium-lq__none premium-box-lq__none elementor-widget elementor-widget-premium-addon-dual-header\" data-id=\"319f1e6\" data-element_type=\"widget\" data-e-type=\"widget\" data-widget_type=\"premium-addon-dual-header.default\">\n\t\t\t\t\t\n\t\t<div class=\"elementor-widget-container\">\n\t\t<div class=\"premium-dual-header-wrapper\">\n\t\t\t\t\t<h2 class=\"premium-dual-header-first-header \"><span class=\"premium-dual-header-first-span\">Do you want to celebrate your event? <\/span><span class=\"premium-dual-header-second-header \">At Gran Casino Costa Meloneras<\/span><\/h2> \t\t\t\t\t\t<\/div>\n\t\t<\/div>\n\n\t\t\t\t\t\t<\/div>\n\t\t\t\t<div class=\"elementor-element elementor-element-da2a3f0 elementor-widget__width-initial elementor-widget elementor-widget-text-editor\" data-id=\"da2a3f0\" data-element_type=\"widget\" data-e-type=\"widget\" data-widget_type=\"text-editor.default\">\n\t\t\t\t<div class=\"elementor-widget-container\">\n\t\t\t\t\t\t\t\t\t<p>Write to us with your idea and we will develop it for you. Surprise your friends, colleagues or family with a Dinner + Poker Master Class, discover the strategy of your companions and beat them in the game! <\/p>\t\t\t\t\t\t\t\t<\/div>\n\t\t\t\t<\/div>\n\t\t\t\t<div class=\"elementor-element elementor-element-6bfa831 elementor-widget__width-initial elementor-widget elementor-widget-text-editor\" data-id=\"6bfa831\" data-element_type=\"widget\" data-e-type=\"widget\" data-widget_type=\"text-editor.default\">\n\t\t\t\t<div class=\"elementor-widget-container\">\n\t\t\t\t\t\t\t\t\t<p>Or have a cocktail dinner while watching the best moves of the attendees in the Gaming Room; simply live the casino experience from another perspective. We can advise you on any event you wish to hold in a select environment, whether it is a family reunion, a work meeting or a get-together with old friends. <\/p>\t\t\t\t\t\t\t\t<\/div>\n\t\t\t\t<\/div>\n\t\t\t\t<div class=\"elementor-element elementor-element-6a5d3c7 elementor-widget elementor-widget-button\" data-id=\"6a5d3c7\" data-element_type=\"widget\" data-e-type=\"widget\" data-widget_type=\"button.default\">\n\t\t\t\t<div class=\"elementor-widget-container\">\n\t\t\t\t\t\t\t\t\t<div class=\"elementor-button-wrapper\">\n\t\t\t\t\t<a class=\"elementor-button elementor-button-link elementor-size-md elementor-animation-grow\" href=\"https:\/\/www.grancasinocostameloneras.com\/en\/contacto\/#formulario\">\n\t\t\t\t\t\t<span class=\"elementor-button-content-wrapper\">\n\t\t\t\t\t\t\t\t\t<span class=\"elementor-button-text\">Fill in the form<\/span>\n\t\t\t\t\t<\/span>\n\t\t\t\t\t<\/a>\n\t\t\t\t<\/div>\n\t\t\t\t\t\t\t\t<\/div>\n\t\t\t\t<\/div>\n\t\t\t\t\t<\/div>\n\t\t\t\t<\/div>\n\t\t\t\t<\/div>\n\t\t\t\t<div class=\"elementor-element elementor-element-429d7cd elementor-widget__width-initial elementor-widget elementor-widget-image\" data-id=\"429d7cd\" data-element_type=\"widget\" data-e-type=\"widget\" data-widget_type=\"image.default\">\n\t\t\t\t<div class=\"elementor-widget-container\">\n\t\t\t\t\t\t\t\t\t\t\t\t\t\t\t<img fetchpriority=\"high\" decoding=\"async\" width=\"2550\" height=\"1300\" src=\"https:\/\/www.grancasinocostameloneras.com\/wp-content\/uploads\/gran-casino-costa-meloneras-jueves-encanto-header-1.jpg\" class=\"attachment-full size-full wp-image-4566\" alt=\"\" srcset=\"https:\/\/www.grancasinocostameloneras.com\/wp-content\/uploads\/gran-casino-costa-meloneras-jueves-encanto-header-1.jpg 2550w, https:\/\/www.grancasinocostameloneras.com\/wp-content\/uploads\/gran-casino-costa-meloneras-jueves-encanto-header-1-600x306.jpg 600w, https:\/\/www.grancasinocostameloneras.com\/wp-content\/uploads\/gran-casino-costa-meloneras-jueves-encanto-header-1-1200x612.jpg 1200w, https:\/\/www.grancasinocostameloneras.com\/wp-content\/uploads\/gran-casino-costa-meloneras-jueves-encanto-header-1-768x392.jpg 768w, https:\/\/www.grancasinocostameloneras.com\/wp-content\/uploads\/gran-casino-costa-meloneras-jueves-encanto-header-1-1536x783.jpg 1536w, https:\/\/www.grancasinocostameloneras.com\/wp-content\/uploads\/gran-casino-costa-meloneras-jueves-encanto-header-1-2048x1044.jpg 2048w\" sizes=\"(max-width: 2550px) 100vw, 2550px\" \/>\t\t\t\t\t\t\t\t\t\t\t\t\t\t\t<\/div>\n\t\t\t\t<\/div>\n\t\t\t\t<\/div>\n\t\t<div class=\"elementor-element elementor-element-8ff0c3a e-flex e-con-boxed e-con e-parent\" data-id=\"8ff0c3a\" data-element_type=\"container\" data-e-type=\"container\" data-settings=\"{&quot;jet_parallax_layout_list&quot;:[]}\">\n\t\t\t\t\t<div class=\"e-con-inner\">\n\t\t\t\t<div class=\"elementor-element elementor-element-68655e0 premium-header-inline premium-lq__none premium-box-lq__none elementor-widget elementor-widget-premium-addon-dual-header\" data-id=\"68655e0\" data-element_type=\"widget\" data-e-type=\"widget\" data-widget_type=\"premium-addon-dual-header.default\">\n\t\t\t\t\t\n\t\t<div class=\"elementor-widget-container\">\n\t\t<div class=\"premium-dual-header-wrapper\">\n\t\t\t\t\t<h2 class=\"premium-dual-header-first-header \"><span class=\"premium-dual-header-first-span\">Latest <\/span><span class=\"premium-dual-header-second-header \">events<\/span><\/h2> \t\t\t\t\t\t<\/div>\n\t\t<\/div>\n\n\t\t\t\t\t\t<\/div>\n\t\t\t\t<div class=\"elementor-element elementor-element-85328e8 elementor-grid-3 elementor-grid-tablet-2 elementor-grid-mobile-1 elementor-posts--thumbnail-top elementor-widget elementor-widget-posts\" data-id=\"85328e8\" data-element_type=\"widget\" data-e-type=\"widget\" data-settings=\"{&quot;pagination_type&quot;:&quot;numbers&quot;,&quot;classic_columns&quot;:&quot;3&quot;,&quot;classic_columns_tablet&quot;:&quot;2&quot;,&quot;classic_columns_mobile&quot;:&quot;1&quot;,&quot;classic_row_gap&quot;:{&quot;unit&quot;:&quot;px&quot;,&quot;size&quot;:35,&quot;sizes&quot;:[]},&quot;classic_row_gap_laptop&quot;:{&quot;unit&quot;:&quot;px&quot;,&quot;size&quot;:&quot;&quot;,&quot;sizes&quot;:[]},&quot;classic_row_gap_tablet&quot;:{&quot;unit&quot;:&quot;px&quot;,&quot;size&quot;:&quot;&quot;,&quot;sizes&quot;:[]},&quot;classic_row_gap_mobile&quot;:{&quot;unit&quot;:&quot;px&quot;,&quot;size&quot;:&quot;&quot;,&quot;sizes&quot;:[]}}\" data-widget_type=\"posts.classic\">\n\t\t\t\t<div class=\"elementor-widget-container\">\n\t\t\t\t\t\t\t<div class=\"elementor-posts-container elementor-posts elementor-posts--skin-classic elementor-grid\" role=\"list\">\n\t\t\t\t<article class=\"elementor-post elementor-grid-item post-6676 post type-post status-publish format-standard has-post-thumbnail hentry category-uncategorized\" role=\"listitem\">\n\t\t\t\t<a class=\"elementor-post__thumbnail__link\" href=\"https:\/\/www.grancasinocostameloneras.com\/en\/taller-de-cocina-griega-sabores-del-mediterraneo-oriental\/\" tabindex=\"-1\" >\n\t\t\t<div class=\"elementor-post__thumbnail\"><img decoding=\"async\" width=\"337\" height=\"600\" src=\"https:\/\/www.grancasinocostameloneras.com\/wp-content\/uploads\/grancasinocm_evento_cocina-griega-337x600.jpg\" class=\"attachment-medium size-medium wp-image-6658\" alt=\"\" srcset=\"https:\/\/www.grancasinocostameloneras.com\/wp-content\/uploads\/grancasinocm_evento_cocina-griega-337x600.jpg 337w, https:\/\/www.grancasinocostameloneras.com\/wp-content\/uploads\/grancasinocm_evento_cocina-griega-673x1200.jpg 673w, https:\/\/www.grancasinocostameloneras.com\/wp-content\/uploads\/grancasinocm_evento_cocina-griega.jpg 751w\" sizes=\"(max-width: 337px) 100vw, 337px\" \/><\/div>\n\t\t<\/a>\n\t\t\t\t<div class=\"elementor-post__text\">\n\t\t\t\t<h3 class=\"elementor-post__title\">\n\t\t\t<a href=\"https:\/\/www.grancasinocostameloneras.com\/en\/taller-de-cocina-griega-sabores-del-mediterraneo-oriental\/\" >\n\t\t\t\tTaller de Cocina Griega \u2013 Sabores del Mediterr\u00e1neo Oriental\t\t\t<\/a>\n\t\t<\/h3>\n\t\t\t\t<div class=\"elementor-post__excerpt\">\n\t\t\t<p>Imparte: Luis Ortiz (Komit\u00e9) Gran Casino Costa Meloneras te invita a viajar a las costas del Mediterr\u00e1neo y para descubrir los sabores aut\u00e9nticos de la<\/p>\n\t\t<\/div>\n\t\t\t\t<\/div>\n\t\t\t\t<\/article>\n\t\t\t\t<article class=\"elementor-post elementor-grid-item post-5226 post type-post status-publish format-standard has-post-thumbnail hentry category-uncategorized\" role=\"listitem\">\n\t\t\t\t<a class=\"elementor-post__thumbnail__link\" href=\"https:\/\/www.grancasinocostameloneras.com\/en\/cena-de-fin-de-ano\/\" tabindex=\"-1\" >\n\t\t\t<div class=\"elementor-post__thumbnail\"><img decoding=\"async\" width=\"480\" height=\"600\" src=\"https:\/\/www.grancasinocostameloneras.com\/wp-content\/uploads\/gran-casino-costa-meloneras-cenafindeano-2023-480x600.jpg\" class=\"attachment-medium size-medium wp-image-5061\" alt=\"\" srcset=\"https:\/\/www.grancasinocostameloneras.com\/wp-content\/uploads\/gran-casino-costa-meloneras-cenafindeano-2023-480x600.jpg 480w, https:\/\/www.grancasinocostameloneras.com\/wp-content\/uploads\/gran-casino-costa-meloneras-cenafindeano-2023-960x1200.jpg 960w, https:\/\/www.grancasinocostameloneras.com\/wp-content\/uploads\/gran-casino-costa-meloneras-cenafindeano-2023-768x960.jpg 768w, https:\/\/www.grancasinocostameloneras.com\/wp-content\/uploads\/gran-casino-costa-meloneras-cenafindeano-2023.jpg 1080w\" sizes=\"(max-width: 480px) 100vw, 480px\" \/><\/div>\n\t\t<\/a>\n\t\t\t\t<div class=\"elementor-post__text\">\n\t\t\t\t<h3 class=\"elementor-post__title\">\n\t\t\t<a href=\"https:\/\/www.grancasinocostameloneras.com\/en\/cena-de-fin-de-ano\/\" >\n\t\t\t\tNew Year&#8217;s Eve Dinner\t\t\t<\/a>\n\t\t<\/h3>\n\t\t\t\t<div class=\"elementor-post__excerpt\">\n\t\t\t<p>\u00a1Celebra el fin de a\u00f1o con un magn\u00edfico men\u00fa de degustaci\u00f3n con nosotros y da la bienvenida al 2024!<\/p>\n\t\t<\/div>\n\t\t\t\t<\/div>\n\t\t\t\t<\/article>\n\t\t\t\t<article class=\"elementor-post elementor-grid-item post-3081 post type-post status-publish format-standard has-post-thumbnail hentry category-uncategorized\" role=\"listitem\">\n\t\t\t\t<a class=\"elementor-post__thumbnail__link\" href=\"https:\/\/www.grancasinocostameloneras.com\/en\/experiencia-gastronomica-con-nazario-cano-estrella-michelin\/\" tabindex=\"-1\" >\n\t\t\t<div class=\"elementor-post__thumbnail\"><img loading=\"lazy\" decoding=\"async\" width=\"424\" height=\"600\" src=\"https:\/\/www.grancasinocostameloneras.com\/wp-content\/uploads\/grancasinocostameloneras-jornadagastronomica-nazariocano-424x600.jpg\" class=\"attachment-medium size-medium wp-image-3036\" alt=\"\" srcset=\"https:\/\/www.grancasinocostameloneras.com\/wp-content\/uploads\/grancasinocostameloneras-jornadagastronomica-nazariocano-424x600.jpg 424w, https:\/\/www.grancasinocostameloneras.com\/wp-content\/uploads\/grancasinocostameloneras-jornadagastronomica-nazariocano-849x1200.jpg 849w, https:\/\/www.grancasinocostameloneras.com\/wp-content\/uploads\/grancasinocostameloneras-jornadagastronomica-nazariocano-768x1086.jpg 768w, https:\/\/www.grancasinocostameloneras.com\/wp-content\/uploads\/grancasinocostameloneras-jornadagastronomica-nazariocano.jpg 1061w\" sizes=\"(max-width: 424px) 100vw, 424px\" \/><\/div>\n\t\t<\/a>\n\t\t\t\t<div class=\"elementor-post__text\">\n\t\t\t\t<h3 class=\"elementor-post__title\">\n\t\t\t<a href=\"https:\/\/www.grancasinocostameloneras.com\/en\/experiencia-gastronomica-con-nazario-cano-estrella-michelin\/\" >\n\t\t\t\tGastronomic experience with Nazario Cano (Michelin Star)\t\t\t<\/a>\n\t\t<\/h3>\n\t\t\t\t<div class=\"elementor-post__excerpt\">\n\t\t\t<p>We are pleased to announce the first Gastronomic Day organised by Nazario Cano, renowned Michelin-starred chef of Odiseo restaurant in Spain. This prestigious event will<\/p>\n\t\t<\/div>\n\t\t\t\t<\/div>\n\t\t\t\t<\/article>\n\t\t\t\t<\/div>\n\t\t\n\t\t\t\t<div class=\"e-load-more-anchor\" data-page=\"1\" data-max-page=\"2\" data-next-page=\"https:\/\/www.grancasinocostameloneras.com\/en\/wp-json\/wp\/v2\/pages\/990\/page\/2\/\"><\/div>\n\t\t\t\t<nav class=\"elementor-pagination\" aria-label=\"Pagination\">\n\t\t\t<span aria-current=\"page\" class=\"page-numbers current\"><span class=\"elementor-screen-only\">Page<\/span>1<\/span>\n<a class=\"page-numbers\" href=\"https:\/\/www.grancasinocostameloneras.com\/en\/wp-json\/wp\/v2\/pages\/990\/page\/2\/\"><span class=\"elementor-screen-only\">Page<\/span>2<\/a>\t\t<\/nav>\n\t\t\t\t\t\t<\/div>\n\t\t\t\t<\/div>\n\t\t\t\t\t<\/div>\n\t\t\t\t<\/div>\n\t\t\t\t<\/div>\n\t\t","protected":false},"excerpt":{"rendered":"<p>Fun, excitement and much more Our events Attend the best events held at Gran Casino Costa Meloneras. We can also advise you on any event you wish to hold in our casino. Do you want to celebrate your event? At Gran Casino Costa Meloneras Write to us with your idea and we will develop it [&hellip;]<\/p>\n","protected":false},"author":1,"featured_media":0,"parent":0,"menu_order":0,"comment_status":"closed","ping_status":"closed","template":"","meta":{"footnotes":""},"class_list":["post-990","page","type-page","status-publish","hentry"],"_links":{"self":[{"href":"https:\/\/www.grancasinocostameloneras.com\/en\/wp-json\/wp\/v2\/pages\/990","targetHints":{"allow":["GET"]}}],"collection":[{"href":"https:\/\/www.grancasinocostameloneras.com\/en\/wp-json\/wp\/v2\/pages"}],"about":[{"href":"https:\/\/www.grancasinocostameloneras.com\/en\/wp-json\/wp\/v2\/types\/page"}],"author":[{"embeddable":true,"href":"https:\/\/www.grancasinocostameloneras.com\/en\/wp-json\/wp\/v2\/users\/1"}],"replies":[{"embeddable":true,"href":"https:\/\/www.grancasinocostameloneras.com\/en\/wp-json\/wp\/v2\/comments?post=990"}],"version-history":[{"count":0,"href":"https:\/\/www.grancasinocostameloneras.com\/en\/wp-json\/wp\/v2\/pages\/990\/revisions"}],"wp:attachment":[{"href":"https:\/\/www.grancasinocostameloneras.com\/en\/wp-json\/wp\/v2\/media?parent=990"}],"curies":[{"name":"wp","href":"https:\/\/api.w.org\/{rel}","templated":true}]}}